{"id":2059,"date":"2018-11-05T09:32:54","date_gmt":"2018-11-05T07:32:54","guid":{"rendered":"https:\/\/www.naegeli.ch\/?page_id=2059"},"modified":"2018-11-22T12:48:47","modified_gmt":"2018-11-22T10:48:47","slug":"helikopterscharnier","status":"publish","type":"page","link":"https:\/\/www.naegeli.ch\/de\/faserverbund\/bauteile\/helikopterscharnier\/","title":{"rendered":"Heli\u00adko\u00adpter-Schar\u00adnier"},"content":{"rendered":"<p>[et_pb_section bb_built=\u201c1\u201d fullwidth=\u201con\u201d module_class=\u201cslider-top\u201d _builder_version=\u201c3.13.1\u201d saved_tabs=\u201call\u201d next_background_color=\u201c#000000\u201d][et_pb_fullwidth_slider show_pagination=\u201coff\u201d module_class=\u201cnotext\u201d _builder_version=\u201c3.13.1\u201d header_font=\u201cVarela||||||||\u201d header_text_color=\u201d#ffffff\u201d body_font=\u201cVarela Round||||||||\u201d body_text_color=\u201d#ffffff\u201d button_alignment=\u201cright\u201d text_orientation=\u201cleft\u201d auto=\u201con\u201d auto_speed=\u201c10000\u201d][et_pb_slide _builder_version=\u201c3.13.1\u201d header_font=\u201d||||||||\u201d header_text_color=\u201d#ffffff\u201d background_color=\u201d#ffffff\u201d background_image=\u201chttps:\/\/www.naegeli.ch\/wp-content\/uploads\/2018\/10\/<span class=\"caps\">NAG_1121<\/span>.jpg\u201d parallax=\u201con\u201d parallax_method=\u201coff\u201d][\/et_pb_slide][\/et_pb_fullwidth_slider][\/et_pb_section][et_pb_section bb_built=\u201c1\u201d _builder_version=\u201c3.13.1\u201d custom_margin=\u201d||-20px|\u201d custom_padding=\u201c0|0px|0px|0px|false|false\u201d prev_background_color=\u201c#000000\u201d next_background_color=\u201c#000000\u201d global_module=\u201c1322\u201d][et_pb_row global_parent=\u201c1322\u201d custom_padding=\u201c0|0px|0|0px|false|false\u201d custom_margin=\u201d||-30px|\u201d _builder_version=\u201c3.13.1\u201d][et_pb_column type=\u201c4_4\u201d][et_pb_sidebar global_parent=\u201c1322\u201d area=\u201cet_pb_widget_area_1\u201d _builder_version=\u201c3.13.1\u201d custom_margin=\u201c10px||-35px|\u201d custom_padding=\u201d||0px|\u201d]<\/p>\n<p><\/p>\n<p>[\/et_pb_sidebar][\/et_pb_column][\/et_pb_row][\/et_pb_section][et_pb_section bb_built=\u201c1\u201d _builder_version=\u201c3.13.1\u201d custom_padding=\u201c23px|0px|1px|0px|false|false\u201d prev_background_color=\u201c#000000\u201d][et_pb_row custom_padding=\u201c0|0px|0|0px|false|false\u201d _builder_version=\u201c3.13.1\u201d][et_pb_column type=\u201c4_4\u201d][et_pb_text _builder_version=\u201c3.13.1\u201d header_font=\u201d||||||||\u201d header_text_color=\u201c#9a1414\u201d]<\/p>\n<h1>Heli\u00adko\u00adpter-Schar\u00adnier<\/h1>\n<p>[\/et_pb_text][\/et_pb_column][\/et_pb_row][et_pb_row disabled_on=\u201coff|on|off\u201d _builder_version=\u201c3.13.1\u201d][et_pb_column type=\u201c1_3\u201d][et_pb_image src=\u201chttps:\/\/www.naegeli.ch\/wp-content\/uploads\/2018\/11\/Helikopter-Scharnier.jpg\u201d show_in_lightbox=\u201con\u201d _builder_version=\u201c3.13.1\u201d box_shadow_style=\u201cpreset1\u201d]<\/p>\n<p>&nbsp;<\/p>\n<p>[\/et_pb_image][\/et_pb_column][et_pb_column type=\u201c1_3\u201d][et_pb_image src=\u201chttps:\/\/www.naegeli.ch\/wp-content\/uploads\/2018\/11\/chips_naegeli_swiss_ag\u20111.jpg\u201d show_in_lightbox=\u201con\u201d _builder_version=\u201c3.13.1\u201d box_shadow_style=\u201cpreset1\u201d]<\/p>\n<p>&nbsp;<\/p>\n<p>[\/et_pb_image][\/et_pb_column][et_pb_column type=\u201c1_3\u201d][et_pb_video src=\u201chttps:\/\/www.naegeli.ch\/wp-content\/uploads\/2018\/10\/einsteinvideo.mp4\u201d _builder_version=\u201c3.13.1\u201d box_shadow_style=\u201cpreset1\u201d \/][\/et_pb_column][\/et_pb_row][et_pb_row custom_padding=\u201c27px|0px|0|0px|false|false\u201d disabled_on=\u201con|off|on\u201d module_class=\u201cspalten-block\u201d _builder_version=\u201c3.13.1\u201d][et_pb_column type=\u201c1_2\u201d][et_pb_image src=\u201chttps:\/\/www.naegeli.ch\/wp-content\/uploads\/2018\/11\/door_hinge_2_naegeli.jpg\u201d show_in_lightbox=\u201con\u201d _builder_version=\u201c3.13.1\u201d box_shadow_style=\u201cpreset1\u201d]<\/p>\n<p>&nbsp;<\/p>\n<p>[\/et_pb_image][\/et_pb_column][et_pb_column type=\u201c1_2\u201d][et_pb_image src=\u201chttps:\/\/www.naegeli.ch\/wp-content\/uploads\/2018\/11\/chips_naegeli_swiss_ag\u20111.jpg\u201d show_in_lightbox=\u201con\u201d _builder_version=\u201c3.13.1\u201d box_shadow_style=\u201cpreset1\u201d]<\/p>\n<p>&nbsp;<\/p>\n<p>[\/et_pb_image][\/et_pb_column][\/et_pb_row][et_pb_row custom_padding=\u201c0|0px|0|0px|false|false\u201d disabled_on=\u201con|off|on\u201d module_class=\u201cspalten-block\u201d _builder_version=\u201c3.13.1\u201d][et_pb_column type=\u201c1_2\u201d][et_pb_video src=\u201chttps:\/\/www.naegeli.ch\/wp-content\/uploads\/2018\/10\/einsteinvideo.mp4\u201d _builder_version=\u201c3.13.1\u201d box_shadow_style=\u201cpreset1\u201d \/][\/et_pb_column][et_pb_column type=\u201c1_2\u201d][\/et_pb_column][\/et_pb_row][et_pb_row custom_padding=\u201c0|0px|0|0px|false|false\u201d _builder_version=\u201c3.13.1\u201d][et_pb_column type=\u201c4_4\u201d][et_pb_text _builder_version=\u201c3.13.1\u201d]<\/p>\n<h2>Schar\u00adnier f\u00fcr eine Helikopter-T\u00fcr<\/h2>\n<p>Mit der Ent\u00adwick\u00adlung eines Pro\u00adzes\u00adses f\u00fcr die Her\u00adstel\u00adlung von Bau\u00adtei\u00adlen mit kom\u00adple\u00adxer Geo\u00adme\u00adtrie konn\u00adte dar\u00adge\u00adlegt wer\u00adden, dass mit lang\u00adfa\u00adser\u00adver\u00adst\u00e4rk\u00adten Ther\u00admo\u00adplas\u00adten \u00e4hn\u00adli\u00adche Fes\u00adtig\u00adkei\u00adten wie mit end\u00adlos\u00adfa\u00adser\u00adver\u00adst\u00e4rk\u00adten Kunst\u00adstof\u00adfen erreicht wer\u00adden k\u00f6n\u00adnen. Gleich\u00adzei\u00adtig l\u00e4sst sich f\u00fcr das gew\u00e4hl\u00adte Bau\u00adtei\u00adle eine Gewichts\u00adein\u00adspa\u00adrung von \u00fcber 80% erzielen<\/p>\n<p>[\/et_pb_text][et_pb_text _builder_version=\u201c3.13.1\u201d]<\/p>\n<h2>Spe\u00adzi\u00adfi\u00adsche Herausforderungen<\/h2>\n<p>Die effi\u00adzi\u00aden\u00adte Her\u00adstel\u00adlung von Bau\u00adtei\u00adlen mit kom\u00adple\u00adxer Geo\u00adme\u00adtrie stellt in der Faser\u00adver\u00adbund-Tech\u00adno\u00adlo\u00adgie eine beson\u00adde\u00adre Her\u00adaus\u00adfor\u00adde\u00adrung dar. W\u00e4h\u00adrend in den ver\u00adgan\u00adge\u00adnen Jah\u00adren f\u00fcr die Her\u00adstel\u00adlung von fl\u00e4\u00adchi\u00adgen Bau\u00adtei\u00adlen diver\u00adse auto\u00adma\u00adti\u00adsier\u00adte Pro\u00adzes\u00adse bis zur Seri\u00ade\u00adrei\u00adfe ent\u00adwi\u00adckelt wur\u00adden, fehl\u00adte bis\u00adher ein ent\u00adspre\u00adchen\u00adder zyklus\u00adop\u00adti\u00admier\u00adter Pro\u00adzess f\u00fcr klei\u00adne\u00adre Bau\u00adtei\u00adle mit gros\u00adsen Unter\u00adschie\u00adden in der Mate\u00adri\u00adal\u00adst\u00e4r\u00adke, wie sie u.a. h\u00e4u\u00adfig bei Las\u00adtein\u00adlei\u00adtungs\u00adele\u00admen\u00adte wie Bra\u00adckets und Fit\u00adtings auf\u00adtre\u00adten. Die Anwen\u00addung bekann\u00adter Ver\u00adfah\u00adren f\u00fcr die Her\u00adstel\u00adlung sol\u00adcher Bau\u00adtei\u00adle f\u00fchrt zu einer Viel\u00adzahl von Gele\u00adge- oder Gewe\u00adbe-Zuschnit\u00adten, die auf\u00adw\u00e4n\u00addig plat\u00adziert und fixiert wer\u00adden m\u00fcs\u00adsen, so dass eine Auto\u00adma\u00adti\u00adsie\u00adrung ent\u00adspre\u00adchend schwie\u00adrig&nbsp;wird.<\/p>\n<p>In einem KTI-Pro\u00adjekt wur\u00adde zusam\u00admen mit dem Insti\u00adtut f\u00fcr Kunst\u00adstoff\u00adtech\u00adnik der Fach\u00adhoch\u00adschu\u00adle Nord\u00adwest\u00adschweiz sowie wei\u00adte\u00adren Part\u00adnern ein neu\u00ades Ver\u00adfah\u00adren ent\u00adwi\u00adckelt und opti\u00admiert. Die\u00adses beruht auf der Idee, Chips aus lang\u00adfa\u00adser\u00adver\u00adst\u00e4rk\u00adten Ther\u00admo\u00adplast\u00adb\u00e4n\u00adder in einer Press\u00adform auf\u00adzu\u00adhei\u00adzen, beim Errei\u00adchen des Schmelz\u00adpunkts zu ver\u00adpres\u00adsen und zu kon\u00adso\u00adli\u00addie\u00adren. Durch eine geschick\u00adte Wahl der Chip\u00ads\u00adl\u00e4n\u00adge kann die Faser\u00adori\u00aden\u00adtie\u00adrung beein\u00adflusst wer\u00adden, um somit die mecha\u00adni\u00adschen Wer\u00adte in aus\u00adge\u00adw\u00e4hl\u00adten Rich\u00adtun\u00adgen zu erh\u00f6hen.<\/p>\n<p>Das Poten\u00adzi\u00adal die\u00adses Ver\u00adfah\u00adrens wur\u00adde mit\u00adtels eines Schar\u00adniers f\u00fcr die Cock\u00adpit-T\u00fcr eines Hub\u00adschrau\u00adbers auf\u00adge\u00adzeigt, wel\u00adches f\u00fcr ein Reen\u00adgi\u00adnee\u00adring als Demons\u00adtra\u00adtor\u00adbau\u00adteil zur Ver\u00adf\u00fc\u00adgung gestellt wur\u00adde und der\u00adzeit aus Stahl gefer\u00adtigt wird. F\u00fcr die neue L\u00f6sung aus Faser\u00adver\u00adbund wur\u00adde als Aus\u00adgangs\u00adma\u00adte\u00adri\u00adal ein <span class=\"caps\">CF<\/span>\/\u00adPEEK-Tape von Sup\u00adrem <span class=\"caps\">SA<\/span> ver\u00adwen\u00addet. Inner\u00adhalb des Pro\u00adjek\u00adtes wur\u00adden unter ande\u00adrem die Werk\u00adzeug- und Pro\u00adzess\u00adtech\u00adno\u00adlo\u00adgie ent\u00adwi\u00adckelt und optimiert.<\/p>\n<p>[\/et_pb_text][et_pb_text _builder_version=\u201c3.13.1\u201d]<\/p>\n<h2>Pro\u00adjekt\u00ader\u00adfolg<\/h2>\n<p>Zur \u00dcber\u00adpr\u00fc\u00adfung der mecha\u00adni\u00adschen Eigen\u00adschaf\u00adten wur\u00adden Bau\u00adtei\u00adle mit ver\u00adschie\u00adde\u00adnen Chip\u00ads\u00adl\u00e4n\u00adgen her\u00adge\u00adstellt und im Zug\u00adver\u00adsuch getes\u00adtet. Es konn\u00adte auf\u00adge\u00adzeigt wer\u00adden, dass durch die Wahl von geeig\u00adne\u00adtem Aus\u00adgangs\u00adma\u00adte\u00adri\u00adal und einer opti\u00admier\u00adten Pro\u00adzess\u00adf\u00fch\u00adrung das Bau\u00adteil eine Last auf\u00adneh\u00admen kann, wel\u00adche deut\u00adlich ober\u00adhalb der im Real\u00adfall auf\u00adtre\u00adten\u00adden Belas\u00adtung liegt. Gleich\u00adzei\u00adtig redu\u00adziert sich das Bau\u00adteil\u00adge\u00adwicht um mehr als 80%. Anhand einer Initi\u00adal\u00adse\u00adrie von Bau\u00adtei\u00adlen mit iden\u00adti\u00adschen Her\u00adstel\u00adlungs\u00adbe\u00addin\u00adgun\u00adgen wur\u00adde nach\u00adge\u00adwie\u00adsen, dass das die Streu\u00adung hin\u00adsicht\u00adlich Gewicht, Geo\u00adme\u00adtrie und Ver\u00adsa\u00adgens\u00adlast gen\u00fc\u00adgend klein ist, um die not\u00adwen\u00addi\u00adge Pro\u00adzess\u00adsi\u00adcher\u00adheit zu garantieren.<\/p>\n<p>F\u00fcr Anwen\u00addun\u00adgen im Non-Aero\u00adspace\u00adbe\u00adreich bie\u00adtet es sich an, anstel\u00adle der PEEK-Matrix bspw. faser\u00adver\u00adst\u00e4rk\u00adtes Poly\u00adamid ein\u00adzu\u00adset\u00adzen. Die Pro\u00adzess\u00adf\u00fch\u00adrung wird durch den nied\u00adri\u00adge\u00adren Schmelz\u00adpunkt im Ver\u00adgleich zu <span class=\"caps\">PEEK<\/span> deut\u00adlich ver\u00adein\u00adfacht, wodurch die Her\u00adstel\u00adlungs\u00adkos\u00adten wei\u00adter gesenkt wer\u00adden k\u00f6nnen<\/p>\n<p>[\/et_pb_text][\/et_pb_column][\/et_pb_row][\/et_pb_section]<\/p>\n","protected":false},"excerpt":{"rendered":"<p>Heli\u00adko\u00adpter-Schar\u00adnier &nbsp; &nbsp; &nbsp; &nbsp; Schar\u00adnier f\u00fcr eine Heli\u00adko\u00adpter-T\u00fcr Mit der Ent\u00adwick\u00adlung eines Pro\u00adzes\u00adses f\u00fcr die Her\u00adstel\u00adlung von Bau\u00adtei\u00adlen mit kom\u00adple\u00adxer Geo\u00adme\u00adtrie konn\u00adte dar\u00adge\u00adlegt wer\u00adden, dass mit lang\u00adfa\u00adser\u00adver\u00adst\u00e4rk\u00adten Ther\u00admo\u00adplas\u00adten \u00e4hn\u00adli\u00adche Fes\u00adtig\u00adkei\u00adten wie mit end\u00adlos\u00adfa\u00adser\u00adver\u00adst\u00e4rk\u00adten Kunst\u00adstof\u00adfen erreicht wer\u00adden k\u00f6n\u00adnen. Gleich\u00adzei\u00adtig l\u00e4sst sich f\u00fcr das gew\u00e4hl\u00adte Bau\u00adtei\u00adle eine Gewichts\u00adein\u00adspa\u00adrung von \u00fcber 80% erzie\u00adlen Spe\u00adzi\u00adfi\u00adsche Her\u00adaus\u00adfor\u00adde\u00adrun\u00adgen Die effiziente&nbsp;[\u2026]<\/p>\n","protected":false},"author":2,"featured_media":0,"parent":1035,"menu_order":0,"comment_status":"closed","ping_status":"closed","template":"","meta":{"_et_pb_use_builder":"on","_et_pb_old_content":"","_et_gb_content_width":"","wp_typography_post_enhancements_disabled":false,"footnotes":""},"_links":{"self":[{"href":"https:\/\/www.naegeli.ch\/de\/wp-json\/wp\/v2\/pages\/2059"}],"collection":[{"href":"https:\/\/www.naegeli.ch\/de\/wp-json\/wp\/v2\/pages"}],"about":[{"href":"https:\/\/www.naegeli.ch\/de\/wp-json\/wp\/v2\/types\/page"}],"author":[{"embeddable":true,"href":"https:\/\/www.naegeli.ch\/de\/wp-json\/wp\/v2\/users\/2"}],"replies":[{"embeddable":true,"href":"https:\/\/www.naegeli.ch\/de\/wp-json\/wp\/v2\/comments?post=2059"}],"version-history":[{"count":12,"href":"https:\/\/www.naegeli.ch\/de\/wp-json\/wp\/v2\/pages\/2059\/revisions"}],"predecessor-version":[{"id":2316,"href":"https:\/\/www.naegeli.ch\/de\/wp-json\/wp\/v2\/pages\/2059\/revisions\/2316"}],"up":[{"embeddable":true,"href":"https:\/\/www.naegeli.ch\/de\/wp-json\/wp\/v2\/pages\/1035"}],"wp:attachment":[{"href":"https:\/\/www.naegeli.ch\/de\/wp-json\/wp\/v2\/media?parent=2059"}],"curies":[{"name":"wp","href":"https:\/\/api.w.org\/{rel}","templated":true}]}}